{"id":76,"date":"2026-03-18T12:08:39","date_gmt":"2026-03-18T12:08:39","guid":{"rendered":"https:\/\/younes.icu\/?page_id=76"},"modified":"2026-03-19T08:27:05","modified_gmt":"2026-03-19T08:27:05","slug":"76-2","status":"publish","type":"page","link":"https:\/\/younes.icu\/?page_id=76","title":{"rendered":"floristeria"},"content":{"rendered":"<p>[et_pb_section fb_built=\u00bb1&#8243; _builder_version=\u00bb4.27.4&#8243; _module_preset=\u00bbdefault\u00bb background_image=\u00bbhttps:\/\/younes.icu\/wp-content\/uploads\/2026\/03\/flores_lilas_wallpaper_fotografia_alexmercadaal.jpg\u00bb hover_enabled=\u00bb0&#8243; global_colors_info=\u00bb{}\u00bb use_background_color_gradient=\u00bbon\u00bb background_color_gradient_overlays_image=\u00bbon\u00bb background_enable_color=\u00bboff\u00bb background_color_gradient_stops=\u00bbrgba(255,255,255,0.9) 1%|rgba(255,255,255,0.47) 99%\u00bb sticky_enabled=\u00bb0&#8243;][et_pb_row _builder_version=\u00bb4.27.4&#8243; _module_preset=\u00bbdefault\u00bb custom_margin=\u00bb160px||160px||false|false\u00bb global_colors_info=\u00bb{}\u00bb][et_pb_column type=\u00bb4_4&#8243; _builder_version=\u00bb4.27.4&#8243; _module_preset=\u00bbdefault\u00bb global_colors_info=\u00bb{}\u00bb][et_pb_text _builder_version=\u00bb4.27.4&#8243; _module_preset=\u00bbdefault\u00bb text_font=\u00bbLibre Franklin|700|||||||\u00bb text_text_color=\u00bb#411e5e\u00bb text_font_size=\u00bb18px\u00bb header_font=\u00bbDM Serif Display||||||||\u00bb header_text_align=\u00bbcenter\u00bb header_text_color=\u00bb#411e5e\u00bb header_font_size=\u00bb150px\u00bb text_orientation=\u00bbcenter\u00bb header_font_size_tablet=\u00bb150px\u00bb header_font_size_phone=\u00bb90px\u00bb header_font_size_last_edited=\u00bbon|phone\u00bb global_colors_info=\u00bb{}\u00bb]<\/p>\n<h1>Floralia<\/h1>\n<p>Flores frescas para cada momento especial.<\/p>\n<p>[\/et_pb_text][et_pb_button button_text=\u00bbPIDE TUS FLORES AQU\u00cd\u00bb button_alignment=\u00bbcenter\u00bb _builder_version=\u00bb4.27.4&#8243; _module_preset=\u00bbdefault\u00bb custom_button=\u00bbon\u00bb button_text_color=\u00bb#FFFFFF\u00bb button_bg_color=\u00bb#411e5e\u00bb button_border_color=\u00bb#411e5e\u00bb button_border_radius=\u00bb17px\u00bb button_font=\u00bbLibre Franklin||||||||\u00bb button_use_icon=\u00bboff\u00bb global_colors_info=\u00bb{}\u00bb][\/et_pb_button][\/et_pb_column][\/et_pb_row][\/et_pb_section][et_pb_section fb_built=\u00bb1&#8243; _builder_version=\u00bb4.27.4&#8243; _module_preset=\u00bbdefault\u00bb global_colors_info=\u00bb{}\u00bb][et_pb_row column_structure=\u00bb1_3,1_3,1_3&#8243; _builder_version=\u00bb4.27.4&#8243; _module_preset=\u00bbdefault\u00bb global_colors_info=\u00bb{}\u00bb][et_pb_column type=\u00bb1_3&#8243; _builder_version=\u00bb4.27.4&#8243; _module_preset=\u00bbdefault\u00bb global_colors_info=\u00bb{}\u00bb][et_pb_blurb title=\u00bbFlores frescas cada d\u00eda\u00bb image=\u00bbhttps:\/\/younes.icu\/wp-content\/uploads\/2026\/03\/custom-icon-1.png\u00bb _builder_version=\u00bb4.27.4&#8243; _module_preset=\u00bbdefault\u00bb header_font=\u00bbLibre Franklin||||||||\u00bb header_text_align=\u00bbcenter\u00bb header_text_color=\u00bb#411e5e\u00bb header_font_size=\u00bb24px\u00bb body_font=\u00bbLibre Franklin||||||||\u00bb body_text_align=\u00bbcenter\u00bb body_text_color=\u00bb#22112e\u00bb body_font_size=\u00bb15px\u00bb global_colors_info=\u00bb{}\u00bb]<\/p>\n<p>Directo del jard\u00edn a tu hogar, para momentos que importan.<\/p>\n<p>&nbsp;<\/p>\n<p>[\/et_pb_blurb][\/et_pb_column][et_pb_column type=\u00bb1_3&#8243; _builder_version=\u00bb4.27.4&#8243; _module_preset=\u00bbdefault\u00bb global_colors_info=\u00bb{}\u00bb][et_pb_blurb title=\u00bbFlores frescas cada d\u00eda\u00bb image=\u00bbhttps:\/\/younes.icu\/wp-content\/uploads\/2026\/03\/custom-icon-1.png\u00bb _builder_version=\u00bb4.27.4&#8243; _module_preset=\u00bbdefault\u00bb header_font=\u00bbLibre Franklin||||||||\u00bb header_text_align=\u00bbcenter\u00bb header_text_color=\u00bb#411e5e\u00bb header_font_size=\u00bb24px\u00bb body_font=\u00bbLibre Franklin||||||||\u00bb body_text_align=\u00bbcenter\u00bb body_text_color=\u00bb#22112e\u00bb body_font_size=\u00bb15px\u00bb global_colors_info=\u00bb{}\u00bb]<\/p>\n<p>Directo del jard\u00edn a tu hogar, para momentos que importan.<\/p>\n<p>&nbsp;<\/p>\n<p>[\/et_pb_blurb][\/et_pb_column][et_pb_column type=\u00bb1_3&#8243; _builder_version=\u00bb4.27.4&#8243; _module_preset=\u00bbdefault\u00bb global_colors_info=\u00bb{}\u00bb][et_pb_blurb title=\u00bbFlores frescas cada d\u00eda\u00bb image=\u00bbhttps:\/\/younes.icu\/wp-content\/uploads\/2026\/03\/custom-icon-1.png\u00bb _builder_version=\u00bb4.27.4&#8243; _module_preset=\u00bbdefault\u00bb header_font=\u00bbLibre Franklin||||||||\u00bb header_text_align=\u00bbcenter\u00bb header_text_color=\u00bb#411e5e\u00bb header_font_size=\u00bb24px\u00bb body_font=\u00bbLibre Franklin||||||||\u00bb body_text_align=\u00bbcenter\u00bb body_text_color=\u00bb#22112e\u00bb body_font_size=\u00bb15px\u00bb global_colors_info=\u00bb{}\u00bb]<\/p>\n<p>Directo del jard\u00edn a tu hogar, para momentos que importan.<\/p>\n<p>&nbsp;<\/p>\n<p>[\/et_pb_blurb][\/et_pb_column][\/et_pb_row][\/et_pb_section][et_pb_section fb_built=\u00bb1&#8243; _builder_version=\u00bb4.27.4&#8243; _module_preset=\u00bbdefault\u00bb background_color=\u00bb#f7f6f2&#8243; global_colors_info=\u00bb{}\u00bb][et_pb_row _builder_version=\u00bb4.27.4&#8243; _module_preset=\u00bbdefault\u00bb global_colors_info=\u00bb{}\u00bb][et_pb_column type=\u00bb4_4&#8243; _builder_version=\u00bb4.27.4&#8243; _module_preset=\u00bbdefault\u00bb global_colors_info=\u00bb{}\u00bb][et_pb_text _builder_version=\u00bb4.27.4&#8243; _module_preset=\u00bbdefault\u00bb text_font=\u00bbLibre Franklin||||||||\u00bb text_text_color=\u00bb#411e5e\u00bb text_font_size=\u00bb16px\u00bb header_4_font=\u00bbDM Serif Display||||||||\u00bb header_4_text_align=\u00bbcenter\u00bb header_4_text_color=\u00bb#411e5e\u00bb header_4_font_size=\u00bb102px\u00bb text_orientation=\u00bbcenter\u00bb header_4_font_size_tablet=\u00bb102px\u00bb header_4_font_size_phone=\u00bb50px\u00bb header_4_font_size_last_edited=\u00bbon|phone\u00bb global_colors_info=\u00bb{}\u00bb]<\/p>\n<h4>Cada Flor contiene una historia.<\/h4>\n<p>Desde ramos vibrantes hasta elegantes centros de mesa, nos aseguramos de que su visi\u00f3n floral florezca y cobre vida.ustom CSS to this text in the module Advanced settings.<\/p>\n<p>[\/et_pb_text][\/et_pb_column][\/et_pb_row][et_pb_row column_structure=\u00bb1_3,1_3,1_3&#8243; _builder_version=\u00bb4.27.4&#8243; _module_preset=\u00bbdefault\u00bb global_colors_info=\u00bb{}\u00bb][et_pb_column type=\u00bb1_3&#8243; _builder_version=\u00bb4.27.4&#8243; _module_preset=\u00bbdefault\u00bb global_colors_info=\u00bb{}\u00bb][et_pb_blurb title=\u00bbRamos de Ocasi\u00f3n\u00bb image=\u00bbhttps:\/\/younes.icu\/wp-content\/uploads\/2026\/03\/ramosdeocasion_alexmercadal.jpg\u00bb _builder_version=\u00bb4.27.4&#8243; _module_preset=\u00bbdefault\u00bb header_font=\u00bbDM Serif Display||||||||\u00bb header_text_align=\u00bbcenter\u00bb header_text_color=\u00bb#411e5e\u00bb header_font_size=\u00bb24px\u00bb body_font=\u00bbLibre Franklin||||||||\u00bb body_text_align=\u00bbcenter\u00bb body_text_color=\u00bb#2f2b2a\u00bb body_font_size=\u00bb16px\u00bb image_icon_custom_margin=\u00bb||||false|false\u00bb border_radii_image=\u00bbon|10px|10px|10px|10px\u00bb box_shadow_style_image=\u00bbpreset2&#8243; box_shadow_horizontal_image=\u00bb17px\u00bb global_colors_info=\u00bb{}\u00bb]<\/p>\n<p>Para cumplea\u00f1os, aniversarios o cualquier momento especial.<\/p>\n<p>[\/et_pb_blurb][et_pb_blurb title=\u00bbDecoraci\u00f3n personalizada\u00bb image=\u00bbhttps:\/\/younes.icu\/wp-content\/uploads\/2026\/03\/decoracionpersonalizada_alexmercadal.jpg\u00bb _builder_version=\u00bb4.27.4&#8243; _module_preset=\u00bbdefault\u00bb header_font=\u00bbDM Serif Display||||||||\u00bb header_text_align=\u00bbcenter\u00bb header_text_color=\u00bb#411e5e\u00bb header_font_size=\u00bb24px\u00bb body_font=\u00bbLibre Franklin||||||||\u00bb body_text_align=\u00bbcenter\u00bb body_text_color=\u00bb#2f2b2a\u00bb body_font_size=\u00bb16px\u00bb image_icon_custom_margin=\u00bb||||false|false\u00bb border_radii_image=\u00bbon|10px|10px|10px|10px\u00bb box_shadow_style_image=\u00bbpreset2&#8243; box_shadow_horizontal_image=\u00bb17px\u00bb global_colors_info=\u00bb{}\u00bb]<\/p>\n<p>Centros de mesa, regalos y detalles hechos a medida.\u00a0<\/p>\n<p>[\/et_pb_blurb][\/et_pb_column][et_pb_column type=\u00bb1_3&#8243; _builder_version=\u00bb4.27.4&#8243; _module_preset=\u00bbdefault\u00bb global_colors_info=\u00bb{}\u00bb][et_pb_blurb title=\u00bbPlantas de interior\u00bb image=\u00bbhttps:\/\/younes.icu\/wp-content\/uploads\/2026\/03\/plantasdeinterior_alexmercadal.jpg\u00bb _builder_version=\u00bb4.27.4&#8243; _module_preset=\u00bbdefault\u00bb header_font=\u00bbDM Serif Display||||||||\u00bb header_text_align=\u00bbcenter\u00bb header_text_color=\u00bb#411e5e\u00bb header_font_size=\u00bb24px\u00bb body_font=\u00bbLibre Franklin||||||||\u00bb body_text_align=\u00bbcenter\u00bb body_text_color=\u00bb#2f2b2a\u00bb body_font_size=\u00bb16px\u00bb image_icon_custom_margin=\u00bb||||false|false\u00bb border_radii_image=\u00bbon|10px|10px|10px|10px\u00bb box_shadow_style_image=\u00bbpreset2&#8243; box_shadow_horizontal_image=\u00bb17px\u00bb global_colors_info=\u00bb{}\u00bb]<\/p>\n<p>Verde natural para tu hogar u oficina, cuidado y saludable.<\/p>\n<p>[\/et_pb_blurb][et_pb_blurb title=\u00bbSuscripciones de flores\u00bb image=\u00bbhttps:\/\/younes.icu\/wp-content\/uploads\/2026\/03\/suscripcionaflores_alexmercadal.jpg\u00bb _builder_version=\u00bb4.27.4&#8243; _module_preset=\u00bbdefault\u00bb header_font=\u00bbDM Serif Display||||||||\u00bb header_text_align=\u00bbcenter\u00bb header_text_color=\u00bb#411e5e\u00bb header_font_size=\u00bb24px\u00bb body_font=\u00bbLibre Franklin||||||||\u00bb body_text_align=\u00bbcenter\u00bb body_text_color=\u00bb#2f2b2a\u00bb body_font_size=\u00bb16px\u00bb image_icon_custom_margin=\u00bb||||false|false\u00bb border_radii_image=\u00bbon|10px|10px|10px|10px\u00bb box_shadow_style_image=\u00bbpreset2&#8243; box_shadow_horizontal_image=\u00bb17px\u00bb global_colors_info=\u00bb{}\u00bb]<\/p>\n<p>Recibe un ramo nuevo cada semana y llena tu espacio de color.<\/p>\n<p>[\/et_pb_blurb][\/et_pb_column][et_pb_column type=\u00bb1_3&#8243; _builder_version=\u00bb4.27.4&#8243; _module_preset=\u00bbdefault\u00bb global_colors_info=\u00bb{}\u00bb][et_pb_blurb title=\u00bbBodas y eventos\u00bb image=\u00bbhttps:\/\/younes.icu\/wp-content\/uploads\/2026\/03\/bodasyeventos_alexmercadal.jpg\u00bb _builder_version=\u00bb4.27.4&#8243; _module_preset=\u00bbdefault\u00bb header_font=\u00bbDM Serif Display||||||||\u00bb header_text_align=\u00bbcenter\u00bb header_text_color=\u00bb#411e5e\u00bb header_font_size=\u00bb24px\u00bb body_font=\u00bbLibre Franklin||||||||\u00bb body_text_align=\u00bbcenter\u00bb body_text_color=\u00bb#2f2b2a\u00bb body_font_size=\u00bb16px\u00bb image_icon_custom_margin=\u00bb||||false|false\u00bb border_radii_image=\u00bbon|10px|10px|10px|10px\u00bb box_shadow_style_image=\u00bbpreset2&#8243; box_shadow_horizontal_image=\u00bb17px\u00bb global_colors_info=\u00bb{}\u00bb]<\/p>\n<p>Dise\u00f1amos ramos, centros y decoraci\u00f3n floral para tu d\u00eda inolvidable.<\/p>\n<p>[\/et_pb_blurb][et_pb_blurb title=\u00bbTalleres y consejos\u00bb image=\u00bbhttps:\/\/younes.icu\/wp-content\/uploads\/2026\/03\/taller-personalizado_alexmercadal.jpg\u00bb _builder_version=\u00bb4.27.4&#8243; _module_preset=\u00bbdefault\u00bb header_font=\u00bbDM Serif Display||||||||\u00bb header_text_align=\u00bbcenter\u00bb header_text_color=\u00bb#411e5e\u00bb header_font_size=\u00bb24px\u00bb body_font=\u00bbLibre Franklin||||||||\u00bb body_text_align=\u00bbcenter\u00bb body_text_color=\u00bb#2f2b2a\u00bb body_font_size=\u00bb16px\u00bb image_icon_custom_margin=\u00bb||||false|false\u00bb border_radii_image=\u00bbon|10px|10px|10px|10px\u00bb box_shadow_style_image=\u00bbpreset2&#8243; box_shadow_horizontal_image=\u00bb17px\u00bb global_colors_info=\u00bb{}\u00bb]<\/p>\n<p>Aprende a cuidar tus flores y a combinarlas con estilo.<\/p>\n<p>[\/et_pb_blurb][\/et_pb_column][\/et_pb_row][\/et_pb_section][et_pb_section fb_built=\u00bb1&#8243; _builder_version=\u00bb4.27.4&#8243; _module_preset=\u00bbdefault\u00bb background_color=\u00bb#2f2b2a\u00bb background_image=\u00bbhttps:\/\/younes.icu\/wp-content\/uploads\/2026\/03\/fondo_seccion_paralax.jpg\u00bb background_blend=\u00bblighten\u00bb global_colors_info=\u00bb{}\u00bb][et_pb_row _builder_version=\u00bb4.27.4&#8243; _module_preset=\u00bbdefault\u00bb custom_margin=\u00bb110px||110px||true|false\u00bb global_colors_info=\u00bb{}\u00bb][et_pb_column type=\u00bb4_4&#8243; _builder_version=\u00bb4.27.4&#8243; _module_preset=\u00bbdefault\u00bb global_colors_info=\u00bb{}\u00bb][et_pb_text _builder_version=\u00bb4.27.4&#8243; _module_preset=\u00bbdefault\u00bb text_font=\u00bbLibre Franklin||||||||\u00bb text_text_color=\u00bb#FFFFFF\u00bb text_font_size=\u00bb18px\u00bb header_4_font=\u00bbDM Serif Display||||||||\u00bb header_4_text_align=\u00bbcenter\u00bb header_4_text_color=\u00bb#FFFFFF\u00bb header_4_font_size=\u00bb102px\u00bb text_orientation=\u00bbcenter\u00bb header_4_font_size_tablet=\u00bb102px\u00bb header_4_font_size_phone=\u00bb50px\u00bb header_4_font_size_last_edited=\u00bbon|phone\u00bb global_colors_info=\u00bb{}\u00bb]<\/p>\n<h4>Colores que alegran tu d\u00eda.<\/h4>\n<p>Nuestras flores frescas en Mallorca se preparan cuidadosamente para ofrecer ramos elegantes y duraderos, perfectos para cumplea\u00f1os, aniversarios o cualquier ocasi\u00f3n especial.<\/p>\n<p>[\/et_pb_text][et_pb_button button_text=\u00bbSORPRENDER AHORA\u00bb button_alignment=\u00bbcenter\u00bb _builder_version=\u00bb4.27.4&#8243; _module_preset=\u00bbdefault\u00bb custom_button=\u00bbon\u00bb button_text_size=\u00bb18px\u00bb button_text_color=\u00bb#FFFFFF\u00bb button_bg_color=\u00bb#411e5e\u00bb button_border_color=\u00bb#411e5e\u00bb button_border_radius=\u00bb14px\u00bb button_font=\u00bbLibre Franklin||||||||\u00bb button_use_icon=\u00bboff\u00bb global_colors_info=\u00bb{}\u00bb][\/et_pb_button][\/et_pb_column][\/et_pb_row][\/et_pb_section][et_pb_section fb_built=\u00bb1&#8243; _builder_version=\u00bb4.27.4&#8243; _module_preset=\u00bbdefault\u00bb global_colors_info=\u00bb{}\u00bb][et_pb_row column_structure=\u00bb1_2,1_2&#8243; _builder_version=\u00bb4.27.4&#8243; _module_preset=\u00bbdefault\u00bb global_colors_info=\u00bb{}\u00bb][et_pb_column type=\u00bb1_2&#8243; _builder_version=\u00bb4.27.4&#8243; _module_preset=\u00bbdefault\u00bb global_colors_info=\u00bb{}\u00bb][\/et_pb_column][et_pb_column type=\u00bb1_2&#8243; _builder_version=\u00bb4.27.4&#8243; _module_preset=\u00bbdefault\u00bb global_colors_info=\u00bb{}\u00bb][\/et_pb_column][\/et_pb_row][\/et_pb_section]<\/p>\n","protected":false},"excerpt":{"rendered":"<p>Floralia Flores frescas para cada momento especial.Directo del jard\u00edn a tu hogar, para momentos que importan. &nbsp;Directo del jard\u00edn a tu hogar, para momentos que importan. &nbsp;Directo del jard\u00edn a tu hogar, para momentos que importan. &nbsp;Cada Flor contiene una historia. Desde ramos vibrantes hasta elegantes centros de mesa, nos aseguramos de que su visi\u00f3n [&hellip;]<\/p>\n","protected":false},"author":1,"featured_media":0,"parent":0,"menu_order":0,"comment_status":"closed","ping_status":"closed","template":"","meta":{"_et_pb_use_builder":"on","_et_pb_old_content":"","_et_gb_content_width":"","footnotes":""},"class_list":["post-76","page","type-page","status-publish","hentry"],"_links":{"self":[{"href":"https:\/\/younes.icu\/index.php?rest_route=\/wp\/v2\/pages\/76","targetHints":{"allow":["GET"]}}],"collection":[{"href":"https:\/\/younes.icu\/index.php?rest_route=\/wp\/v2\/pages"}],"about":[{"href":"https:\/\/younes.icu\/index.php?rest_route=\/wp\/v2\/types\/page"}],"author":[{"embeddable":true,"href":"https:\/\/younes.icu\/index.php?rest_route=\/wp\/v2\/users\/1"}],"replies":[{"embeddable":true,"href":"https:\/\/younes.icu\/index.php?rest_route=%2Fwp%2Fv2%2Fcomments&post=76"}],"version-history":[{"count":19,"href":"https:\/\/younes.icu\/index.php?rest_route=\/wp\/v2\/pages\/76\/revisions"}],"predecessor-version":[{"id":116,"href":"https:\/\/younes.icu\/index.php?rest_route=\/wp\/v2\/pages\/76\/revisions\/116"}],"wp:attachment":[{"href":"https:\/\/younes.icu\/index.php?rest_route=%2Fwp%2Fv2%2Fmedia&parent=76"}],"curies":[{"name":"wp","href":"https:\/\/api.w.org\/{rel}","templated":true}]}}